{"id":81,"date":"2019-06-09T07:23:06","date_gmt":"2019-06-09T07:23:06","guid":{"rendered":"http:\/\/localhost\/hotel-romantica\/?page_id=81"},"modified":"2022-01-14T20:47:13","modified_gmt":"2022-01-14T19:47:13","slug":"super-deluxe-room","status":"publish","type":"page","link":"https:\/\/ferienhaus-von-loewenstein.de\/?page_id=81","title":{"rendered":"Schlafzimmer"},"content":{"rendered":"\n<p>Die beiden Schlafzimmer befinden sich im Obergescho\u00df.<\/p>\n\n\n\n<p>Das eine Schlafzimmer ist mit einem Doppelbett und zwei Nachttische mit Leselampen ausgestattet. In diesem Zimmer steht au\u00dferdem ein Gitter-Kinderbett. Rollos zum Verdunkeln und Fliegengitter sind vorhanden. Ein Schrank schafft Platz zum Verstauen des Gep\u00e4cks.<\/p>\n\n\n\n<figure class=\"wp-block-image size-full is-style-default\"><img fetchpriority=\"high\" decoding=\"async\" width=\"800\" height=\"531\" src=\"https:\/\/ferienhaus-von-loewenstein.de\/wp-content\/uploads\/2022\/01\/image05.jpg\" alt=\"\" class=\"wp-image-524\" srcset=\"https:\/\/ferienhaus-von-loewenstein.de\/wp-content\/uploads\/2022\/01\/image05.jpg 800w, https:\/\/ferienhaus-von-loewenstein.de\/wp-content\/uploads\/2022\/01\/image05-300x199.jpg 300w, https:\/\/ferienhaus-von-loewenstein.de\/wp-content\/uploads\/2022\/01\/image05-768x510.jpg 768w\" sizes=\"(max-width: 800px) 100vw, 800px\" \/><\/figure>\n\n\n\n<p>Im zweiten Zimmer stehen insgesamt 3 Betten zur Verf\u00fcgung, die individuell angeordnet werden k\u00f6nnen. Rollos zum Verdunkeln und Fliegengitter sind vorhanden. Ein Schrank schafft Platz zum Verstauen des Gep\u00e4cks.  <\/p>\n\n\n\n<div class=\"wp-block-columns has-2-columns is-layout-flex wp-container-core-columns-is-layout-9d6595d7 wp-block-columns-is-layout-flex\">\n<div class=\"wp-block-column is-layout-flow wp-block-column-is-layout-flow\">\n<ul class=\"hr-amenities wp-block-list\"><li>Doppelbett und Gitter-Kinderbett<\/li><li>Kleiderschrank<\/li><li>Nachttische mit Leselampen<\/li><li>4 Fenster mit Rollos und einmal mit Fliegengitter<\/li><\/ul>\n<\/div>\n\n\n\n<div class=\"wp-block-column is-layout-flow wp-block-column-is-layout-flow\">\n<ul class=\"hr-amenities wp-block-list\"><li>3 Einzelbetten<\/li><li>Nachttische mit Leselampen<\/li><li>2 Fenster mit Rollos und einmal mit Fliegengitter<\/li><li>Kleiderschrank<\/li><\/ul>\n<\/div>\n<\/div>\n","protected":false},"excerpt":{"rendered":"<p>Die beiden Schlafzimmer befinden sich im Obergescho\u00df. Das eine Schlafzimmer ist mit einem Doppelbett und zwei Nachttische mit Leselampen ausgestattet. In diesem Zimmer steht au\u00dferdem ein Gitter-Kinderbett. Rollos zum Verdunkeln und Fliegengitter sind vorhanden. Ein Schrank schafft Platz zum Verstauen <a href=\"https:\/\/ferienhaus-von-loewenstein.de\/?page_id=81\" class=\"more-link\">Weiterlesen<\/a><\/p>\n","protected":false},"author":1,"featured_media":527,"parent":0,"menu_order":0,"comment_status":"closed","ping_status":"closed","template":"","meta":{"footnotes":""},"class_list":["post-81","page","type-page","status-publish","has-post-thumbnail","hentry"],"_links":{"self":[{"href":"https:\/\/ferienhaus-von-loewenstein.de\/index.php?rest_route=\/wp\/v2\/pages\/81","targetHints":{"allow":["GET"]}}],"collection":[{"href":"https:\/\/ferienhaus-von-loewenstein.de\/index.php?rest_route=\/wp\/v2\/pages"}],"about":[{"href":"https:\/\/ferienhaus-von-loewenstein.de\/index.php?rest_route=\/wp\/v2\/types\/page"}],"author":[{"embeddable":true,"href":"https:\/\/ferienhaus-von-loewenstein.de\/index.php?rest_route=\/wp\/v2\/users\/1"}],"replies":[{"embeddable":true,"href":"https:\/\/ferienhaus-von-loewenstein.de\/index.php?rest_route=%2Fwp%2Fv2%2Fcomments&post=81"}],"version-history":[{"count":6,"href":"https:\/\/ferienhaus-von-loewenstein.de\/index.php?rest_route=\/wp\/v2\/pages\/81\/revisions"}],"predecessor-version":[{"id":685,"href":"https:\/\/ferienhaus-von-loewenstein.de\/index.php?rest_route=\/wp\/v2\/pages\/81\/revisions\/685"}],"wp:featuredmedia":[{"embeddable":true,"href":"https:\/\/ferienhaus-von-loewenstein.de\/index.php?rest_route=\/wp\/v2\/media\/527"}],"wp:attachment":[{"href":"https:\/\/ferienhaus-von-loewenstein.de\/index.php?rest_route=%2Fwp%2Fv2%2Fmedia&parent=81"}],"curies":[{"name":"wp","href":"https:\/\/api.w.org\/{rel}","templated":true}]}}