{"id":579,"date":"2022-01-05T22:15:29","date_gmt":"2022-01-05T21:15:29","guid":{"rendered":"https:\/\/ferienhaus-von-loewenstein.de\/?page_id=579"},"modified":"2025-10-26T14:01:20","modified_gmt":"2025-10-26T13:01:20","slug":"agb","status":"publish","type":"page","link":"https:\/\/ferienhaus-von-loewenstein.de\/?page_id=579","title":{"rendered":"AGB"},"content":{"rendered":"\t\t<div data-elementor-type=\"wp-page\" data-elementor-id=\"579\" class=\"elementor elementor-579\">\n\t\t\t\t\t\t<section class=\"elementor-section elementor-top-section elementor-element elementor-element-18e7c1f7 elementor-section-boxed elementor-section-height-default elementor-section-height-default\" data-id=\"18e7c1f7\" data-element_type=\"section\" data-e-type=\"section\">\n\t\t\t\t\t\t<div class=\"elementor-container elementor-column-gap-default\">\n\t\t\t\t\t<div class=\"elementor-column elementor-col-100 elementor-top-column elementor-element elementor-element-1779dfa1\" data-id=\"1779dfa1\" data-element_type=\"column\" data-e-type=\"column\">\n\t\t\t<div class=\"elementor-widget-wrap elementor-element-populated\">\n\t\t\t\t\t\t<div class=\"elementor-element elementor-element-1639391a elementor-widget elementor-widget-text-editor\" data-id=\"1639391a\" data-element_type=\"widget\" data-e-type=\"widget\" data-widget_type=\"text-editor.default\">\n\t\t\t\t<div class=\"elementor-widget-container\">\n\t\t\t\t\t\t\t\t\t<p>\u00a0<\/p>\n\n<h2 class=\"wp-block-heading\">Allgemeine Gesch\u00e4ftsbedingungen (AGB)<\/h2>\n\n<p>Ferienhaus von L\u00f6wenstein in Tannenhausen, bezeichnet das Online-Angebot www.ferienhaus-von-loewenstein.de vertreten durch Ernst von L\u00f6wenstein, Wulkjeweg 5A, 26605 Aurich.<\/p>\n\n<p>Die AGB gelten bei Vermietung des Ferienhauses in Tannenhausen.<\/p>\n\n<p>K\u00fcndigungsfrist regelt sich gem\u00e4\u00df \u00a7565 BGB.<\/p>\n\n<p><strong>\u00a71 Vertragsabschluss (Mietvertrag)<\/strong><\/p>\n\n<p>Der Gastaufnahmevertrag gilt als geschlossen, wenn das Ferienhaus vom Gast bestellt und vom Vermieter best\u00e4tigt wurde. F\u00fcr die Best\u00e4tigung ist sowohl die schriftliche, als auch die kurzfristige m\u00fcndliche Form bindend. Der Gastaufnahmevertrag verpflichtet Gast und Vermieter zur Einhaltung und kommt nur zwischen Vermieter und Gast, sowie die ihn begleitenden Personen zustande. Eine nicht genehmigte Beherbergung fremder \u00dcbernachtungsg\u00e4ste wird mit dem 2-fachen \u00dcbernachtungsgrundpreis berechnet.<\/p>\n\n<p><strong>\u00a72 Pflichten<\/strong> <strong>des Vermieters<\/strong><\/p>\n\n<p>Der Vermieter verpflichtet sich, dem Gast das Ferienhaus in einwandfreier Beschaffenheit nach gesetzlichen Vorschriften oder markt\u00fcblichen Gepflogenheiten zur Verf\u00fcgung zu stellen. Er ist verpflichtet, dem Gast eine andere Unterkunft zu beschaffen oder Schadensersatz zu leisten, wenn er nicht in der Lage ist, das zugesagte Ferienhaus trotz Best\u00e4tigung zur Verf\u00fcgung zu stellen. Der Vermieter verpflichtet sich ebenfalls, das reservierte Ferienhaus baldm\u00f6glichst anderweitig zu vermieten, wenn der Gast den Vertrag nicht erf\u00fcllen kann und den geleisteten Schadensersatz ganz oder teilweise zur\u00fcckzuzahlen.<\/p>\n\n<p><strong>\u00a73 R\u00fccktritt<\/strong> <strong>vom Vertrag<\/strong><\/p>\n\n<p>Wenn der Gast vor dem Beginn des Aufenthaltes vom Vertrag zur\u00fccktritt oder sp\u00e4ter an- bzw. fr\u00fcher abreist als vereinbart, so ist er verpflichtet, dem Vermieter f\u00fcr die Tage, an denen er das reservierte Ferienhaus nicht in Anspruch nimmt, den vereinbarten Mietpreis abz\u00fcglich der ersparten Eigenkosten zu zahlen. Die Zahlung wird sp\u00e4testens f\u00e4llig am Anreisetag der vereinbarten Mietzeit und ist im Voraus zu leisten. Der Gast ist verpflichtet, bei Nichtinanspruchnahme der vertraglichen Leistungen, den vereinbarten oder betriebs\u00fcblichen Preis zu zahlen, abz\u00fcglich der vom Vermieter ersparten Aufwendungen. Bis zur anderweitigen Vergabe des Quartiers hat der Gast f\u00fcr die Dauer des Vertrages den errechneten Betrag zu zahlen.<\/p>\n\n<p><strong>\u00a74 Stornierung der<\/strong> <strong>Mietvereinbarung<\/strong><\/p>\n\n<p>Wir erlauben unseren G\u00e4sten eine Stornierung bis 8 Wochen vor Beginn der Mietzeit kostenfrei. Die Kosten bei kurzfristiger Stornierung betragen 80% des vereinbarten Mietpreises. Es wird daher empfohlen eine Reiser\u00fccktrittsversicherung abzuschlie\u00dfen.<\/p>\n\n<p><strong>\u00a75 An- und Abreise<\/strong><\/p>\n\n<p>Der Anreisetag gilt als ein Miettag und wird als solcher berechnet. Es wird ein \u00dcbernachtungspreis vereinbart. Am Anreisetag steht dem Gast das bestellte Ferienhaus ab 15 Uhr zur Verf\u00fcgung.<\/p>\n\n<p>Am Abreisetag muss der Gast das Ferienhaus bis 10 Uhr verlassen, um dem Vermieter Gelegenheit zu geben, diese f\u00fcr den nachfolgenden Gast wieder herzurichten.<\/p>\n\n<p><strong>\u00a76 Pflichten des Mieters<\/strong><\/p>\n\n<p>Das Mietobjekt wird dem Mieter in sauberem und vertragsgem\u00e4\u00dfen Zustand \u00fcbergeben. Sollten bei der \u00dcbergabe M\u00e4ngel vorhanden oder das Inventar unvollst\u00e4ndig sein, so hat der Mieter dies unverz\u00fcglich beim Schl\u00fcsselhalter\/Vermieter anzuzeigen. Andernfalls gilt das Mietobjekt als in einwandfreiem Zustand \u00fcbergeben. Entstehen in den Wohnungen Sch\u00e4den, die durch den Gast verursacht werden, kommt der Gast daf\u00fcr auf; der Gast haftet f\u00fcr alle ihn begleitenden Personen. Es kann vorab eine Kaution verpflichtend gefordert werden, um die Kosten zu erwartender Sch\u00e4den abzusichern.<\/p>\n\n<p><strong>\u00a77 Datenschutz<\/strong><\/p>\n\n<p>Personengebundene Daten des Kunden werden nur im Rahmen der gesetzlichen Vorschriften des Bundesdatenschutzgesetzes sowie des Teledienstedatenschutzgesetzes erhoben. Sie werden Dritten nur insoweit zug\u00e4nglich gemacht, als dies zur Abwicklung der Vermietung notwendig ist (Reinigungsdienst, Hausverwaltung, Versicherung, etc.).<\/p>\n\n<p><strong>\u00a78 Zahlungsfristen<\/strong><\/p>\n\n<p>Bei Erhalt der Buchungsbest\u00e4tigung sind 100 \u20ac als Anzahlung zu leisten. Informationen zur Zahlung erhalten Sie zusammen mit der Buchungsbest\u00e4tigung.<\/p>\n\n<p>Die Nebenkosten (wie Strom, Gas, Heizung usw.) sind im Mietpreis inbegriffen.<\/p>\n\n<p>Zahlungspflicht besteht sp\u00e4testens 1 Woche vor dem Anreisetag und ist im Voraus zu \u00fcberweisen. Der Mieter f\u00fcgt sich ausdr\u00fccklich dieser Bestimmung.<\/p>\n\n<p><strong>\u00a79 Haustiere, Rauchen<\/strong><\/p>\n\n<p>Das Mitbringen von Hunden bedarf unserer Zustimmung. Der Gast ist dazu verpflichtet, den Wunsch, ein oder mehrere Haustiere mitzubringen, vorab anzuzeigen. Wenn wir dem Mitbringen von Haustieren zustimmen, so geschieht dies unter der Voraussetzung, dass die Haustiere unter der st\u00e4ndigen Aufsicht des Gastes stehen sowie frei von Krankheiten sind und auch sonst keine Gefahr f\u00fcr die \u00fcbrigen G\u00e4ste darstellen.<\/p>\n\n<p>Innerhalb des Ferienhauses ist das Rauchen, auch von E-Zigaretten, generell nicht gestattet.<\/p>\n\n<p><strong>\u00a710 Gerichtsstand<\/strong><\/p>\n\n<p>Als Gerichtsstand gilt der Betriebsort, also der Ort, in dem sich das Ferienhaus befindet und in dem die Leistung aus dem Gastaufnahmevertrag zu erbringen sind, in diesem Fall das Amtsgericht Aurich.<\/p>\n\n<p><strong>\u00a711 Salvatoresche Klausel<\/strong><\/p>\n\n<p>Sollte eine oder mehrere Bestimmungen dieser AGB unwirksam werden, so wird hiervon die Wirksamkeit der \u00fcbrigen Bestimmungen nicht ber\u00fchrt. Die unwirksame Bestimmung ist durch eine wirksame zu ersetzen, die dem mit der unwirksamen Bestimmung verfolgten wirtschaftlichen Zweck am n\u00e4chsten kommt.<\/p>\n\t\t\t\t\t\t\t\t<\/div>\n\t\t\t\t<\/div>\n\t\t\t\t\t<\/div>\n\t\t<\/div>\n\t\t\t\t\t<\/div>\n\t\t<\/section>\n\t\t\t\t<\/div>\n\t\t","protected":false},"excerpt":{"rendered":"<p>\u00a0 Allgemeine Gesch\u00e4ftsbedingungen (AGB) Ferienhaus von L\u00f6wenstein in Tannenhausen, bezeichnet das Online-Angebot www.ferienhaus-von-loewenstein.de vertreten durch Ernst von L\u00f6wenstein, Wulkjeweg 5A, 26605 Aurich. Die AGB gelten bei Vermietung des Ferienhauses in Tannenhausen. K\u00fcndigungsfrist regelt sich gem\u00e4\u00df \u00a7565 BGB. \u00a71 Vertragsabschluss (Mietvertrag) <a href=\"https:\/\/ferienhaus-von-loewenstein.de\/?page_id=579\" class=\"more-link\">Weiterlesen<\/a><\/p>\n","protected":false},"author":1,"featured_media":0,"parent":0,"menu_order":0,"comment_status":"closed","ping_status":"closed","template":"elementor_header_footer","meta":{"footnotes":""},"class_list":["post-579","page","type-page","status-publish","hentry"],"_links":{"self":[{"href":"https:\/\/ferienhaus-von-loewenstein.de\/index.php?rest_route=\/wp\/v2\/pages\/579","targetHints":{"allow":["GET"]}}],"collection":[{"href":"https:\/\/ferienhaus-von-loewenstein.de\/index.php?rest_route=\/wp\/v2\/pages"}],"about":[{"href":"https:\/\/ferienhaus-von-loewenstein.de\/index.php?rest_route=\/wp\/v2\/types\/page"}],"author":[{"embeddable":true,"href":"https:\/\/ferienhaus-von-loewenstein.de\/index.php?rest_route=\/wp\/v2\/users\/1"}],"replies":[{"embeddable":true,"href":"https:\/\/ferienhaus-von-loewenstein.de\/index.php?rest_route=%2Fwp%2Fv2%2Fcomments&post=579"}],"version-history":[{"count":13,"href":"https:\/\/ferienhaus-von-loewenstein.de\/index.php?rest_route=\/wp\/v2\/pages\/579\/revisions"}],"predecessor-version":[{"id":1025,"href":"https:\/\/ferienhaus-von-loewenstein.de\/index.php?rest_route=\/wp\/v2\/pages\/579\/revisions\/1025"}],"wp:attachment":[{"href":"https:\/\/ferienhaus-von-loewenstein.de\/index.php?rest_route=%2Fwp%2Fv2%2Fmedia&parent=579"}],"curies":[{"name":"wp","href":"https:\/\/api.w.org\/{rel}","templated":true}]}}