{"id":536,"date":"2022-01-04T13:39:36","date_gmt":"2022-01-04T12:39:36","guid":{"rendered":"https:\/\/ferienhaus-von-loewenstein.de\/?page_id=536"},"modified":"2026-01-30T15:50:59","modified_gmt":"2026-01-30T14:50:59","slug":"verfuegbarkeit","status":"publish","type":"page","link":"https:\/\/ferienhaus-von-loewenstein.de\/?page_id=536","title":{"rendered":"Preise &#038; Verf\u00fcgbarkeit"},"content":{"rendered":"\t\t<div data-elementor-type=\"wp-page\" data-elementor-id=\"536\" class=\"elementor elementor-536\">\n\t\t\t\t\t\t<section class=\"elementor-section elementor-top-section elementor-element elementor-element-31531458 elementor-section-boxed elementor-section-height-default elementor-section-height-default\" data-id=\"31531458\" data-element_type=\"section\" data-e-type=\"section\">\n\t\t\t\t\t\t<div class=\"elementor-container elementor-column-gap-default\">\n\t\t\t\t\t<div class=\"elementor-column elementor-col-100 elementor-top-column elementor-element elementor-element-5a8dfa76\" data-id=\"5a8dfa76\" data-element_type=\"column\" data-e-type=\"column\">\n\t\t\t<div class=\"elementor-widget-wrap elementor-element-populated\">\n\t\t\t\t\t\t<div class=\"elementor-element elementor-element-ab856b1 elementor-widget elementor-widget-text-editor\" data-id=\"ab856b1\" data-element_type=\"widget\" data-e-type=\"widget\" data-widget_type=\"text-editor.default\">\n\t\t\t\t<div class=\"elementor-widget-container\">\n\t\t\t\t\t\t\t\t\t<h2 id=\"preise\" class=\"wp-block-heading\">Preise<\/h2>\n<p><!-- \/wp:heading --><!-- wp:table {\"className\":\"is-style-stripes\"} --><\/p>\n<figure class=\"wp-block-table is-style-stripes\">\n<table>\n<tbody>\n<tr>\n<td>Preis f\u00fcr den ersten Tag f\u00fcr 2 Personen inkl. Nebenkosten<\/td>\n<td class=\"has-text-align-right\" data-align=\"right\">130,00 \u20ac<\/td>\n<\/tr>\n<tr>\n<td>Preise f\u00fcr jede weitere \u00dcbernachtung f\u00fcr 2 Personen inkl. Nebenkosten<\/td>\n<td class=\"has-text-align-right\" data-align=\"right\">80,00 \u20ac<\/td>\n<\/tr>\n<tr>\n<td>Jede weitere Person pro \u00dcbernachtung<\/td>\n<td class=\"has-text-align-right\" data-align=\"right\">5,00 \u20ac<\/td>\n<\/tr>\n<tr>\n<td>Bettw\u00e4sche pro Person f\u00fcr den gesamten Aufenthalt<\/td>\n<td class=\"has-text-align-right\" data-align=\"right\">5,00 \u20ac<\/td>\n<\/tr>\n<tr>\n<td>\u00a0<\/td>\n<td class=\"has-text-align-right\" data-align=\"right\">\u00a0<\/td>\n<\/tr>\n<tr>\n<td>Wochenendtarif Freitag bis Montag<\/td>\n<td class=\"has-text-align-right\" data-align=\"right\">280,00 \u20ac<\/td>\n<\/tr>\n<tr>\n<td>\u00a0<\/td>\n<td class=\"has-text-align-right\" data-align=\"right\">\u00a0<\/td>\n<\/tr>\n<tr>\n<td><strong>WLAN Option<\/strong>:<\/td>\n<td class=\"has-text-align-right\" data-align=\"right\">\u00a0<\/td>\n<\/tr>\n<tr>\n<td>Wochenende<\/td>\n<td class=\"has-text-align-right\" data-align=\"right\">15,00 \u20ac<\/td>\n<\/tr>\n<tr>\n<td>ab 4 Tage \/ pro Tag<\/td>\n<td class=\"has-text-align-right\" data-align=\"right\">1,50 \u20ac<\/td>\n<\/tr>\n<\/tbody>\n<\/table>\n<\/figure>\n<p><!-- \/wp:table --><!-- wp:heading --><\/p>\n<h2 id=\"verfugbarkeit\" class=\"wp-block-heading\">Verf\u00fcgbarkeit<\/h2>\n<p><!-- \/wp:heading --><!-- wp:shortcode --><\/p>\n\n\t\t\t\t<div class=\"abc-singlecalendar\" data-checkin-69e39303e3240=\"0\" data-offset-69e39303e3240=\"0\" data-month-69e39303e3240=\"0\" id=\"abc_singlecalendar_69e39303e3240\">\n\t\t\t\t\t<div class=\"abc-box abc-single-row\">\n\t\t\t\t\t\t<div data-calendar=\"1\" data-id=\"69e39303e3240\" class=\"abc-box abc-button abc-single-button-left\">\n\t\t\t\t\t\t\t<button class=\"fa fa-chevron-left abc-button-rl\"><\/button>\n\t\t\t\t\t\t<\/div>\n\t\t\t\t\t\t<div class=\"abc-box abc-month\">\n\t\t\t\t\t\t\t<img decoding=\"async\" alt=\"Wird geladen...\" src=\"https:\/\/ferienhaus-von-loewenstein.de\/wp-admin\/images\/wpspin_light.gif\" class=\"waiting\" id=\"abc_single_loading-69e39303e3240\" style=\"display:none\" \/><span id=\"singlecalendar-month-69e39303e3240\">April 2026<\/span><\/div>\n\t\t\t\t\t\t\t<div data-calendar=\"1\" data-id=\"69e39303e3240\" class=\"abc-box abc-button abc-single-button-right\">\n\t\t\t\t\t\t\t\t<button class=\"fa fa-chevron-right abc-button-rl\"><\/button>\n\t\t\t\t\t\t<\/div>\n\t\t\t\t\t<\/div>\n\t\t\t\t\t<div class=\"abc-box abc-single-row\">\n\t\t\t\t\t<div class=\"abc-box abc-col-day abc-dayname\">Mo<\/div>\n\t\t\t\t\t<div class=\"abc-box abc-col-day abc-dayname abc-dotted\">Di<\/div>\n\t\t\t\t\t<div class=\"abc-box abc-col-day abc-dayname abc-dotted\">Mi<\/div>\n\t\t\t\t\t<div class=\"abc-box abc-col-day abc-dayname abc-dotted\">Do<\/div>\n\t\t\t\t\t<div class=\"abc-box abc-col-day abc-dayname abc-dotted\">Fr<\/div>\n\t\t\t\t\t<div class=\"abc-box abc-col-day abc-dayname abc-dotted\">Sa<\/div>\n\t\t\t\t\t<div class=\"abc-box abc-col-day abc-dayname abc-dotted\">So<\/div>\n\t\t\t\t\t<\/div>\n\t\t\t\t\t<div id=\"abc-calendar-days-69e39303e3240\">\n\t\t\t\t\t\t<div class=\"abc-box abc-single-row\"><div class=\"abc-box abc-col-day \">&nbsp;<\/div><div class=\"abc-box abc-col-day abc-dotted \">&nbsp;<\/div><div title=\"\" data-calendar=\"1\" data-id=\"69e39303e3240\" data-date=\"2026-04-01\" class=\"abc-box abc-col-day abc-dotted abc-past abc-date-item \" id=\"abc-day-69e39303e32402026-04-01\">1<br \/><span class=\"abc-single-price\"><\/span><\/div><div title=\"\" data-calendar=\"1\" data-id=\"69e39303e3240\" data-date=\"2026-04-02\" class=\"abc-box abc-col-day abc-dotted abc-past abc-date-item \" id=\"abc-day-69e39303e32402026-04-02\">2<br \/><span class=\"abc-single-price\"><\/span><\/div><div title=\"\" data-calendar=\"1\" data-id=\"69e39303e3240\" data-date=\"2026-04-03\" class=\"abc-box abc-col-day abc-dotted abc-past abc-date-item \" id=\"abc-day-69e39303e32402026-04-03\">3<br \/><span class=\"abc-single-price\"><\/span><\/div><div title=\"\" data-calendar=\"1\" data-id=\"69e39303e3240\" data-date=\"2026-04-04\" class=\"abc-box abc-col-day abc-dotted abc-past abc-date-item \" id=\"abc-day-69e39303e32402026-04-04\">4<br \/><span class=\"abc-single-price\"><\/span><\/div><div title=\"\" data-calendar=\"1\" data-id=\"69e39303e3240\" data-date=\"2026-04-05\" class=\"abc-box abc-col-day abc-dotted abc-past abc-date-item \" id=\"abc-day-69e39303e32402026-04-05\">5<br \/><span class=\"abc-single-price\"><\/span><\/div><\/div><div class=\"abc-box abc-single-row\"><div title=\"\" data-calendar=\"1\" data-id=\"69e39303e3240\" data-date=\"2026-04-06\" class=\"abc-box abc-col-day abc-past abc-date-item \" id=\"abc-day-69e39303e32402026-04-06\">6<br \/><span class=\"abc-single-price\"><\/span><\/div><div title=\"\" data-calendar=\"1\" data-id=\"69e39303e3240\" data-date=\"2026-04-07\" class=\"abc-box abc-col-day abc-dotted abc-past abc-date-item \" id=\"abc-day-69e39303e32402026-04-07\">7<br \/><span class=\"abc-single-price\"><\/span><\/div><div title=\"\" data-calendar=\"1\" data-id=\"69e39303e3240\" data-date=\"2026-04-08\" class=\"abc-box abc-col-day abc-dotted abc-past abc-date-item \" id=\"abc-day-69e39303e32402026-04-08\">8<br \/><span class=\"abc-single-price\"><\/span><\/div><div title=\"\" data-calendar=\"1\" data-id=\"69e39303e3240\" data-date=\"2026-04-09\" class=\"abc-box abc-col-day abc-dotted abc-past abc-date-item \" id=\"abc-day-69e39303e32402026-04-09\">9<br \/><span class=\"abc-single-price\"><\/span><\/div><div title=\"\" data-calendar=\"1\" data-id=\"69e39303e3240\" data-date=\"2026-04-10\" class=\"abc-box abc-col-day abc-dotted abc-past abc-date-item \" id=\"abc-day-69e39303e32402026-04-10\">10<br \/><span class=\"abc-single-price\"><\/span><\/div><div title=\"\" data-calendar=\"1\" data-id=\"69e39303e3240\" data-date=\"2026-04-11\" class=\"abc-box abc-col-day abc-dotted abc-past abc-date-item \" id=\"abc-day-69e39303e32402026-04-11\">11<br \/><span class=\"abc-single-price\"><\/span><\/div><div title=\"\" data-calendar=\"1\" data-id=\"69e39303e3240\" data-date=\"2026-04-12\" class=\"abc-box abc-col-day abc-dotted abc-past abc-date-item \" id=\"abc-day-69e39303e32402026-04-12\">12<br \/><span class=\"abc-single-price\"><\/span><\/div><\/div><div class=\"abc-box abc-single-row\"><div title=\"\" data-calendar=\"1\" data-id=\"69e39303e3240\" data-date=\"2026-04-13\" class=\"abc-box abc-col-day abc-past abc-date-item \" id=\"abc-day-69e39303e32402026-04-13\">13<br \/><span class=\"abc-single-price\"><\/span><\/div><div title=\"\" data-calendar=\"1\" data-id=\"69e39303e3240\" data-date=\"2026-04-14\" class=\"abc-box abc-col-day abc-dotted abc-past abc-date-item \" id=\"abc-day-69e39303e32402026-04-14\">14<br \/><span class=\"abc-single-price\"><\/span><\/div><div title=\"\" data-calendar=\"1\" data-id=\"69e39303e3240\" data-date=\"2026-04-15\" class=\"abc-box abc-col-day abc-dotted abc-past abc-date-item \" id=\"abc-day-69e39303e32402026-04-15\">15<br \/><span class=\"abc-single-price\"><\/span><\/div><div title=\"\" data-calendar=\"1\" data-id=\"69e39303e3240\" data-date=\"2026-04-16\" class=\"abc-box abc-col-day abc-dotted abc-past abc-date-item \" id=\"abc-day-69e39303e32402026-04-16\">16<br \/><span class=\"abc-single-price\"><\/span><\/div><div title=\"\" data-calendar=\"1\" data-id=\"69e39303e3240\" data-date=\"2026-04-17\" class=\"abc-box abc-col-day abc-dotted abc-past abc-date-item \" id=\"abc-day-69e39303e32402026-04-17\">17<br \/><span class=\"abc-single-price\"><\/span><\/div><div title=\"Verf\u00fcgbar:\n18.04.2026: 80 \u20ac\" data-calendar=\"1\" data-id=\"69e39303e3240\" data-date=\"2026-04-18\" class=\"abc-box abc-col-day abc-dotted abc-avail abc-date-selector abc-date-item \" id=\"abc-day-69e39303e32402026-04-18\">18<br \/><span class=\"abc-single-price\">80 \u20ac<\/span><\/div><div title=\"Verf\u00fcgbar:\n19.04.2026: 80 \u20ac\" data-calendar=\"1\" data-id=\"69e39303e3240\" data-date=\"2026-04-19\" class=\"abc-box abc-col-day abc-dotted abc-avail abc-date-selector abc-date-item \" id=\"abc-day-69e39303e32402026-04-19\">19<br \/><span class=\"abc-single-price\">80 \u20ac<\/span><\/div><\/div><div class=\"abc-box abc-single-row\"><div title=\"Verf\u00fcgbar:\n20.04.2026: 80 \u20ac\" data-calendar=\"1\" data-id=\"69e39303e3240\" data-date=\"2026-04-20\" class=\"abc-box abc-col-day abc-avail abc-date-selector abc-date-item \" id=\"abc-day-69e39303e32402026-04-20\">20<br \/><span class=\"abc-single-price\">80 \u20ac<\/span><\/div><div title=\"Verf\u00fcgbar:\n21.04.2026: 80 \u20ac\" data-calendar=\"1\" data-id=\"69e39303e3240\" data-date=\"2026-04-21\" class=\"abc-box abc-col-day abc-dotted abc-avail abc-date-selector abc-date-item \" id=\"abc-day-69e39303e32402026-04-21\">21<br \/><span class=\"abc-single-price\">80 \u20ac<\/span><\/div><div title=\"Verf\u00fcgbar:\n22.04.2026: 80 \u20ac\" data-calendar=\"1\" data-id=\"69e39303e3240\" data-date=\"2026-04-22\" class=\"abc-box abc-col-day abc-dotted abc-avail abc-date-selector abc-date-item \" id=\"abc-day-69e39303e32402026-04-22\">22<br \/><span class=\"abc-single-price\">80 \u20ac<\/span><\/div><div title=\"Verf\u00fcgbar:\n23.04.2026: 80 \u20ac\" data-calendar=\"1\" data-id=\"69e39303e3240\" data-date=\"2026-04-23\" class=\"abc-box abc-col-day abc-dotted abc-avail abc-date-selector abc-date-item \" id=\"abc-day-69e39303e32402026-04-23\">23<br \/><span class=\"abc-single-price\">80 \u20ac<\/span><\/div><div title=\"Verf\u00fcgbar:\n24.04.2026: 80 \u20ac\" data-calendar=\"1\" data-id=\"69e39303e3240\" data-date=\"2026-04-24\" class=\"abc-box abc-col-day abc-dotted abc-avail abc-date-selector abc-date-item \" id=\"abc-day-69e39303e32402026-04-24\">24<br \/><span class=\"abc-single-price\">80 \u20ac<\/span><\/div><div title=\"Verf\u00fcgbar:\n25.04.2026: 80 \u20ac\" data-calendar=\"1\" data-id=\"69e39303e3240\" data-date=\"2026-04-25\" class=\"abc-box abc-col-day abc-dotted abc-avail abc-date-selector abc-date-item \" id=\"abc-day-69e39303e32402026-04-25\">25<br \/><span class=\"abc-single-price\">80 \u20ac<\/span><\/div><div title=\"Verf\u00fcgbar:\n26.04.2026: 80 \u20ac\" data-calendar=\"1\" data-id=\"69e39303e3240\" data-date=\"2026-04-26\" class=\"abc-box abc-col-day abc-dotted abc-avail abc-date-selector abc-date-item \" id=\"abc-day-69e39303e32402026-04-26\">26<br \/><span class=\"abc-single-price\">80 \u20ac<\/span><\/div><\/div><div class=\"abc-box abc-single-row\"><div title=\"Verf\u00fcgbar:\n27.04.2026: 80 \u20ac\" data-calendar=\"1\" data-id=\"69e39303e3240\" data-date=\"2026-04-27\" class=\"abc-box abc-col-day abc-avail abc-date-selector abc-date-item \" id=\"abc-day-69e39303e32402026-04-27\">27<br \/><span class=\"abc-single-price\">80 \u20ac<\/span><\/div><div title=\"Verf\u00fcgbar:\n28.04.2026: 80 \u20ac\" data-calendar=\"1\" data-id=\"69e39303e3240\" data-date=\"2026-04-28\" class=\"abc-box abc-col-day abc-dotted abc-avail abc-date-selector abc-date-item \" id=\"abc-day-69e39303e32402026-04-28\">28<br \/><span class=\"abc-single-price\">80 \u20ac<\/span><\/div><div title=\"Verf\u00fcgbar:\n29.04.2026: 80 \u20ac\" data-calendar=\"1\" data-id=\"69e39303e3240\" data-date=\"2026-04-29\" class=\"abc-box abc-col-day abc-dotted abc-avail abc-date-selector abc-date-item \" id=\"abc-day-69e39303e32402026-04-29\">29<br \/><span class=\"abc-single-price\">80 \u20ac<\/span><\/div><div title=\"Verf\u00fcgbar:\n30.04.2026: 80 \u20ac\" data-calendar=\"1\" data-id=\"69e39303e3240\" data-date=\"2026-04-30\" class=\"abc-box abc-col-day abc-dotted abc-avail abc-date-selector abc-date-item \" id=\"abc-day-69e39303e32402026-04-30\">30<br \/><span class=\"abc-single-price\">80 \u20ac<\/span><\/div><\/div>\n\t\t\t\t\t<\/div><div id=\"abc-booking-69e39303e3240\" class=\"abc-booking-selection\">\n\t\t\t\t\t<\/div>\n\t\t\t\t<\/div>\n<p><!-- \/wp:shortcode --><\/p>\t\t\t\t\t\t\t\t<\/div>\n\t\t\t\t<\/div>\n\t\t\t\t\t<\/div>\n\t\t<\/div>\n\t\t\t\t\t<\/div>\n\t\t<\/section>\n\t\t\t\t<\/div>\n\t\t","protected":false},"excerpt":{"rendered":"<p>Preise Preis f\u00fcr den ersten Tag f\u00fcr 2 Personen inkl. Nebenkosten 130,00 \u20ac Preise f\u00fcr jede weitere \u00dcbernachtung f\u00fcr 2 Personen inkl. Nebenkosten 80,00 \u20ac Jede weitere Person pro \u00dcbernachtung 5,00 \u20ac Bettw\u00e4sche pro Person f\u00fcr den gesamten Aufenthalt 5,00 <a href=\"https:\/\/ferienhaus-von-loewenstein.de\/?page_id=536\" class=\"more-link\">Weiterlesen<\/a><\/p>\n","protected":false},"author":1,"featured_media":0,"parent":0,"menu_order":0,"comment_status":"closed","ping_status":"closed","template":"","meta":{"footnotes":""},"class_list":["post-536","page","type-page","status-publish","hentry"],"_links":{"self":[{"href":"https:\/\/ferienhaus-von-loewenstein.de\/index.php?rest_route=\/wp\/v2\/pages\/536","targetHints":{"allow":["GET"]}}],"collection":[{"href":"https:\/\/ferienhaus-von-loewenstein.de\/index.php?rest_route=\/wp\/v2\/pages"}],"about":[{"href":"https:\/\/ferienhaus-von-loewenstein.de\/index.php?rest_route=\/wp\/v2\/types\/page"}],"author":[{"embeddable":true,"href":"https:\/\/ferienhaus-von-loewenstein.de\/index.php?rest_route=\/wp\/v2\/users\/1"}],"replies":[{"embeddable":true,"href":"https:\/\/ferienhaus-von-loewenstein.de\/index.php?rest_route=%2Fwp%2Fv2%2Fcomments&post=536"}],"version-history":[{"count":27,"href":"https:\/\/ferienhaus-von-loewenstein.de\/index.php?rest_route=\/wp\/v2\/pages\/536\/revisions"}],"predecessor-version":[{"id":1038,"href":"https:\/\/ferienhaus-von-loewenstein.de\/index.php?rest_route=\/wp\/v2\/pages\/536\/revisions\/1038"}],"wp:attachment":[{"href":"https:\/\/ferienhaus-von-loewenstein.de\/index.php?rest_route=%2Fwp%2Fv2%2Fmedia&parent=536"}],"curies":[{"name":"wp","href":"https:\/\/api.w.org\/{rel}","templated":true}]}}