{"id":181,"date":"2019-06-09T07:23:45","date_gmt":"2019-06-09T07:23:45","guid":{"rendered":"http:\/\/localhost\/hotel-romantica\/?page_id=83"},"modified":"2025-09-26T16:49:35","modified_gmt":"2025-09-26T14:49:35","slug":"gold-luxury-room","status":"publish","type":"page","link":"https:\/\/ferienhaus-von-loewenstein.de\/?page_id=181","title":{"rendered":"K\u00fcche mit Essbereich"},"content":{"rendered":"\t\t<div data-elementor-type=\"wp-page\" data-elementor-id=\"181\" class=\"elementor elementor-181\">\n\t\t\t\t\t\t<section class=\"elementor-section elementor-top-section elementor-element elementor-element-4ca7e71c elementor-section-boxed elementor-section-height-default elementor-section-height-default\" data-id=\"4ca7e71c\" data-element_type=\"section\" data-e-type=\"section\">\n\t\t\t\t\t\t<div class=\"elementor-container elementor-column-gap-default\">\n\t\t\t\t\t<div class=\"elementor-column elementor-col-100 elementor-top-column elementor-element elementor-element-5b69ae78\" data-id=\"5b69ae78\" data-element_type=\"column\" data-e-type=\"column\">\n\t\t\t<div class=\"elementor-widget-wrap elementor-element-populated\">\n\t\t\t\t\t\t<div class=\"elementor-element elementor-element-3a6de88f elementor-widget elementor-widget-text-editor\" data-id=\"3a6de88f\" data-element_type=\"widget\" data-e-type=\"widget\" data-widget_type=\"text-editor.default\">\n\t\t\t\t<div class=\"elementor-widget-container\">\n\t\t\t\t\t\t\t\t\t<div\n\t\t\t\n\t\t\tclass=\"so-widget-sow-slider so-widget-sow-slider-default-6d39609536fd\"\n\t\t\t\n\t\t>\t\t\t\t<div class=\"sow-slider-base\" style=\"display: none\" tabindex=\"0\">\n\t\t\t\t\t<ul\n\t\t\t\t\tclass=\"sow-slider-images\"\n\t\t\t\t\tdata-settings=\"{&quot;pagination&quot;:true,&quot;speed&quot;:800,&quot;timeout&quot;:5000,&quot;paused&quot;:false,&quot;pause_on_hover&quot;:false,&quot;swipe&quot;:true,&quot;nav_always_show_desktop&quot;:&quot;&quot;,&quot;nav_always_show_mobile&quot;:&quot;&quot;,&quot;breakpoint&quot;:&quot;780px&quot;,&quot;unmute&quot;:false,&quot;anchor&quot;:null}\"\n\t\t\t\t\t\t\t\t\t\tdata-anchor-id=\"\"\n\t\t\t\t>\t\t<li class=\"sow-slider-image\" style=\"visibility: visible;\" >\n\t\t\t\t\t\t<div class=\"sow-slider-image-container\">\n\t\t\t\t<div class=\"sow-slider-image-wrapper\" style=\"max-width: 960px\">\n\t\t\t\t\t\t\t\t\t\t<div class=\"sow-slider-image-foreground-wrapper\">\n\t\t\t\t\t\t<img fetchpriority=\"high\" decoding=\"async\" width=\"960\" height=\"720\" src=\"https:\/\/ferienhaus-von-loewenstein.de\/wp-content\/uploads\/2022\/01\/kueche-1.jpg\" class=\"sow-slider-foreground-image\" alt=\"\" style=\"\" srcset=\"https:\/\/ferienhaus-von-loewenstein.de\/wp-content\/uploads\/2022\/01\/kueche-1.jpg 960w, https:\/\/ferienhaus-von-loewenstein.de\/wp-content\/uploads\/2022\/01\/kueche-1-300x225.jpg 300w, https:\/\/ferienhaus-von-loewenstein.de\/wp-content\/uploads\/2022\/01\/kueche-1-768x576.jpg 768w\" sizes=\"(max-width: 960px) 100vw, 960px\" \/>\t\t\t\t\t<\/div>\n\t\t\t\t\t\t\t\t\t<\/div>\n\t\t\t<\/div>\n\t\t\t\t\t<\/li>\n\t\t\t\t<li class=\"sow-slider-image\" style=\"visibility: hidden;\" >\n\t\t\t\t\t\t<div class=\"sow-slider-image-container\">\n\t\t\t\t<div class=\"sow-slider-image-wrapper\" style=\"max-width: 960px\">\n\t\t\t\t\t\t\t\t\t\t<div class=\"sow-slider-image-foreground-wrapper\">\n\t\t\t\t\t\t<img decoding=\"async\" width=\"960\" height=\"720\" src=\"https:\/\/ferienhaus-von-loewenstein.de\/wp-content\/uploads\/2022\/01\/kueche-2.jpg\" class=\"sow-slider-foreground-image\" alt=\"\" style=\"\" srcset=\"https:\/\/ferienhaus-von-loewenstein.de\/wp-content\/uploads\/2022\/01\/kueche-2.jpg 960w, https:\/\/ferienhaus-von-loewenstein.de\/wp-content\/uploads\/2022\/01\/kueche-2-300x225.jpg 300w, https:\/\/ferienhaus-von-loewenstein.de\/wp-content\/uploads\/2022\/01\/kueche-2-768x576.jpg 768w\" sizes=\"(max-width: 960px) 100vw, 960px\" \/>\t\t\t\t\t<\/div>\n\t\t\t\t\t\t\t\t\t<\/div>\n\t\t\t<\/div>\n\t\t\t\t\t<\/li>\n\t\t\t\t<li class=\"sow-slider-image\" style=\"visibility: hidden;\" >\n\t\t\t\t\t\t<div class=\"sow-slider-image-container\">\n\t\t\t\t<div class=\"sow-slider-image-wrapper\" style=\"max-width: 800px\">\n\t\t\t\t\t\t\t\t\t\t<div class=\"sow-slider-image-foreground-wrapper\">\n\t\t\t\t\t\t<img decoding=\"async\" width=\"800\" height=\"600\" src=\"https:\/\/ferienhaus-von-loewenstein.de\/wp-content\/uploads\/2022\/01\/kueche.jpg\" class=\"sow-slider-foreground-image\" alt=\"\" style=\"\" srcset=\"https:\/\/ferienhaus-von-loewenstein.de\/wp-content\/uploads\/2022\/01\/kueche.jpg 800w, https:\/\/ferienhaus-von-loewenstein.de\/wp-content\/uploads\/2022\/01\/kueche-300x225.jpg 300w, https:\/\/ferienhaus-von-loewenstein.de\/wp-content\/uploads\/2022\/01\/kueche-768x576.jpg 768w\" sizes=\"(max-width: 800px) 100vw, 800px\" \/>\t\t\t\t\t<\/div>\n\t\t\t\t\t\t\t\t\t<\/div>\n\t\t\t<\/div>\n\t\t\t\t\t<\/li>\n\t\t<\/ul>\t\t\t\t<ol class=\"sow-slider-pagination\">\n\t\t\t\t\t\t\t\t\t\t\t<li><a href=\"#\" data-goto=\"0\" aria-label=\"Display slide 1\"><\/a><\/li>\n\t\t\t\t\t\t\t\t\t\t\t<li><a href=\"#\" data-goto=\"1\" aria-label=\"Display slide 2\"><\/a><\/li>\n\t\t\t\t\t\t\t\t\t\t\t<li><a href=\"#\" data-goto=\"2\" aria-label=\"Display slide 3\"><\/a><\/li>\n\t\t\t\t\t\t\t\t\t<\/ol>\n\n\t\t\t\t<div class=\"sow-slide-nav sow-slide-nav-next\">\n\t\t\t\t\t<a href=\"#\" data-goto=\"next\" aria-label=\"Next slide\" data-action=\"next\">\n\t\t\t\t\t\t<em class=\"sow-sld-icon-thin-right\"><\/em>\n\t\t\t\t\t<\/a>\n\t\t\t\t<\/div>\n\n\t\t\t\t<div class=\"sow-slide-nav sow-slide-nav-prev\">\n\t\t\t\t\t<a href=\"#\" data-goto=\"previous\" aria-label=\"Previous slide\" data-action=\"prev\">\n\t\t\t\t\t\t<em class=\"sow-sld-icon-thin-left\"><\/em>\n\t\t\t\t\t<\/a>\n\t\t\t\t<\/div>\n\t\t\t\t<\/div><\/div>\n<p>\u00a0<\/p>\n\n<p>Unsere K\u00fcchezeile bietet alles Notwendige, um ihre Mahlzeiten zuzubereiten. In den Schr\u00e4nken finden sie gen\u00fcgend Stauraum, um ihre Eink\u00e4ufe zu verstauen. Teller, Sch\u00fcsseln und Gl\u00e4ser geh\u00f6ren selbstverst\u00e4ndlich ebenfalls zur Ausstattung, genau wie Pfannen und Kocht\u00f6pfe.<\/p>\n\n<p>Am Esstisch finden mindestens 4 Personen Platz und ein Kinderstuhl f\u00fcr die Kleinsten ist vorhanden.<\/p>\n\n<div class=\"wp-block-columns has-2-columns is-layout-flex wp-container-core-columns-is-layout-9d6595d7 wp-block-columns-is-layout-flex\">\n<div class=\"wp-block-column is-layout-flow wp-block-column-is-layout-flow\">\n<ul class=\"hr-amenities wp-block-list\">\n<li>E-Herd mit 4 Kochfeldern<\/li>\n<li>Geschirrsp\u00fcler<\/li>\n<li>Backofen<\/li>\n<li>K\u00fchlschrank mit Eisfach<\/li>\n<li>Toaster<\/li>\n<\/ul>\n<\/div>\n\n<div class=\"wp-block-column is-layout-flow wp-block-column-is-layout-flow\">\n<ul class=\"hr-amenities wp-block-list\">\n<li>Wasserkocher<\/li>\n<li>Kaffeemaschine<\/li>\n<li>Mikrowelle<\/li>\n<li>Kaffee-Pad Maschine<\/li>\n<\/ul>\n<\/div>\n<\/div>\n\n<p>\u00a0<\/p>\n\t\t\t\t\t\t\t\t<\/div>\n\t\t\t\t<\/div>\n\t\t\t\t\t<\/div>\n\t\t<\/div>\n\t\t\t\t\t<\/div>\n\t\t<\/section>\n\t\t\t\t<\/div>\n\t\t","protected":false},"excerpt":{"rendered":"<p>\u00a0 Unsere K\u00fcchezeile bietet alles Notwendige, um ihre Mahlzeiten zuzubereiten. In den Schr\u00e4nken finden sie gen\u00fcgend Stauraum, um ihre Eink\u00e4ufe zu verstauen. Teller, Sch\u00fcsseln und Gl\u00e4ser geh\u00f6ren selbstverst\u00e4ndlich ebenfalls zur Ausstattung, genau wie Pfannen und Kocht\u00f6pfe. Am Esstisch finden mindestens <a href=\"https:\/\/ferienhaus-von-loewenstein.de\/?page_id=181\" class=\"more-link\">Weiterlesen<\/a><\/p>\n","protected":false},"author":1,"featured_media":0,"parent":0,"menu_order":0,"comment_status":"closed","ping_status":"closed","template":"","meta":{"footnotes":""},"class_list":["post-181","page","type-page","status-publish","hentry"],"_links":{"self":[{"href":"https:\/\/ferienhaus-von-loewenstein.de\/index.php?rest_route=\/wp\/v2\/pages\/181","targetHints":{"allow":["GET"]}}],"collection":[{"href":"https:\/\/ferienhaus-von-loewenstein.de\/index.php?rest_route=\/wp\/v2\/pages"}],"about":[{"href":"https:\/\/ferienhaus-von-loewenstein.de\/index.php?rest_route=\/wp\/v2\/types\/page"}],"author":[{"embeddable":true,"href":"https:\/\/ferienhaus-von-loewenstein.de\/index.php?rest_route=\/wp\/v2\/users\/1"}],"replies":[{"embeddable":true,"href":"https:\/\/ferienhaus-von-loewenstein.de\/index.php?rest_route=%2Fwp%2Fv2%2Fcomments&post=181"}],"version-history":[{"count":11,"href":"https:\/\/ferienhaus-von-loewenstein.de\/index.php?rest_route=\/wp\/v2\/pages\/181\/revisions"}],"predecessor-version":[{"id":1010,"href":"https:\/\/ferienhaus-von-loewenstein.de\/index.php?rest_route=\/wp\/v2\/pages\/181\/revisions\/1010"}],"wp:attachment":[{"href":"https:\/\/ferienhaus-von-loewenstein.de\/index.php?rest_route=%2Fwp%2Fv2%2Fmedia&parent=181"}],"curies":[{"name":"wp","href":"https:\/\/api.w.org\/{rel}","templated":true}]}}