{"id":11,"date":"2019-06-09T04:44:02","date_gmt":"2019-06-09T04:44:02","guid":{"rendered":"http:\/\/localhost\/hotel-romantica\/?page_id=5"},"modified":"2025-10-26T14:08:07","modified_gmt":"2025-10-26T13:08:07","slug":"home","status":"publish","type":"page","link":"https:\/\/ferienhaus-von-loewenstein.de\/","title":{"rendered":"Home"},"content":{"rendered":"\t\t<div data-elementor-type=\"wp-page\" data-elementor-id=\"11\" class=\"elementor elementor-11\">\n\t\t\t\t\t\t<section class=\"elementor-section elementor-top-section elementor-element elementor-element-2857412 elementor-section-height-min-height elementor-section-boxed elementor-section-height-default elementor-section-items-middle\" data-id=\"2857412\" data-element_type=\"section\" data-e-type=\"section\" data-settings=\"{&quot;background_background&quot;:&quot;classic&quot;}\">\n\t\t\t\t\t\t\t<div class=\"elementor-background-overlay\"><\/div>\n\t\t\t\t\t\t\t<div class=\"elementor-container elementor-column-gap-default\">\n\t\t\t\t\t<div class=\"elementor-column elementor-col-100 elementor-top-column elementor-element elementor-element-40cabe9\" data-id=\"40cabe9\" data-element_type=\"column\" data-e-type=\"column\">\n\t\t\t<div class=\"elementor-widget-wrap elementor-element-populated\">\n\t\t\t\t\t\t<div class=\"elementor-element elementor-element-0e9f73a elementor-widget elementor-widget-heading\" data-id=\"0e9f73a\" data-element_type=\"widget\" data-e-type=\"widget\" data-widget_type=\"heading.default\">\n\t\t\t\t<div class=\"elementor-widget-container\">\n\t\t\t\t\t<h2 class=\"elementor-heading-title elementor-size-default\">F\u00fchlen Sie sich wie Zuhause!<\/h2>\t\t\t\t<\/div>\n\t\t\t\t<\/div>\n\t\t\t\t<div class=\"elementor-element elementor-element-9fb3908 elementor-widget elementor-widget-heading\" data-id=\"9fb3908\" data-element_type=\"widget\" data-e-type=\"widget\" data-widget_type=\"heading.default\">\n\t\t\t\t<div class=\"elementor-widget-container\">\n\t\t\t\t\t<h2 class=\"elementor-heading-title elementor-size-default\">Entspannen und Genie\u00dfen Sie ihren Urlaub<\/h2>\t\t\t\t<\/div>\n\t\t\t\t<\/div>\n\t\t\t\t<div class=\"elementor-element elementor-element-80ae7a8 elementor-align-center elementor-widget elementor-widget-button\" data-id=\"80ae7a8\" data-element_type=\"widget\" data-e-type=\"widget\" data-widget_type=\"button.default\">\n\t\t\t\t<div class=\"elementor-widget-container\">\n\t\t\t\t\t\t\t\t\t<div class=\"elementor-button-wrapper\">\n\t\t\t\t\t<a class=\"elementor-button elementor-button-link elementor-size-sm\" href=\"?page_id=137\">\n\t\t\t\t\t\t<span class=\"elementor-button-content-wrapper\">\n\t\t\t\t\t\t\t\t\t<span class=\"elementor-button-text\">Buchen Sie ihren Aufenthalt<\/span>\n\t\t\t\t\t<\/span>\n\t\t\t\t\t<\/a>\n\t\t\t\t<\/div>\n\t\t\t\t\t\t\t\t<\/div>\n\t\t\t\t<\/div>\n\t\t\t\t\t<\/div>\n\t\t<\/div>\n\t\t\t\t\t<\/div>\n\t\t<\/section>\n\t\t\t\t<section class=\"elementor-section elementor-top-section elementor-element elementor-element-7621c8e elementor-section-boxed elementor-section-height-default elementor-section-height-default\" data-id=\"7621c8e\" data-element_type=\"section\" data-e-type=\"section\">\n\t\t\t\t\t\t<div class=\"elementor-container elementor-column-gap-default\">\n\t\t\t\t\t<div class=\"elementor-column elementor-col-50 elementor-top-column elementor-element elementor-element-9d42be8\" data-id=\"9d42be8\" data-element_type=\"column\" data-e-type=\"column\" data-settings=\"{&quot;background_background&quot;:&quot;classic&quot;}\">\n\t\t\t<div class=\"elementor-widget-wrap elementor-element-populated\">\n\t\t\t\t\t\t<div class=\"elementor-element elementor-element-b25b658 elementor-widget elementor-widget-wp-widget-abcavailabilityformwidget\" data-id=\"b25b658\" data-element_type=\"widget\" data-e-type=\"widget\" data-widget_type=\"wp-widget-abcavailabilityformwidget.default\">\n\t\t\t\t<div class=\"elementor-widget-container\">\n\t\t\t\t\t<div class=\"widget-text\">\n\t\t\t<div class=\"widget-textarea\"><div id=\"abc-widget-wrapper\">\n\t\t\t\t<div id=\"abc-widget-content\">\n\t\t\t\t\t<form class=\"abc-form\"  method=\"post\" action=\"https:\/\/ferienhaus-von-loewenstein.de\/?page_id=137\">\n\t\t\t\t\t<div class=\"abc-widget\">\n\t\t\t\t\t\t<label for=\"abc-widget-from\">Anreise<\/label>\n\t\t\t\t\t\t<div class=\"abc-input-fa\">\n\t\t\t\t\t\t\t<span class=\"fa fa-calendar\"><\/span>\n\t\t\t\t\t\t\t<input id=\"abc-widget-from\" name=\"abc-from\" readonly=\"true\" value=\"\">\n\t\t\t\t\t\t<\/div>\n\t\t\t\t\t\t<label for=\"abc-widget-to\">Abreise<\/label>\n\t\t\t\t\t\t<div class=\"abc-input-fa\">\n\t\t\t\t\t\t\t<span class=\"fa fa-calendar\"><\/span>\n\t\t\t\t\t\t\t<input id=\"abc-widget-to\" name=\"abc-to\" readonly=\"true\" value=\"\">\n\t\t\t\t\t\t<\/div>\n\t\t\t\t\t\t<label for=\"abc-persons\">Personen<\/label>\n\t\t\t\t\t\t<div class=\"abc-input-fa\">\n\t\t\t\t\t\t\t<span class=\"fa fa-female abc-guest1\"><\/span>\n\t\t\t\t\t\t\t<span class=\"fa fa-male abc-guest2\"><\/span>\n\t\t\t\t\t\t\t<select id=\"abc-persons\" name=\"abc-persons\">\n\t\t\t\t\t\t\t\t<option value=\"1\" selected>1<\/option><option value=\"2\">2<\/option><option value=\"3\">3<\/option><option value=\"4\">4<\/option><option value=\"5\">5<\/option>\n\t\t\t\t\t\t\t<\/select>\n\t\t\t\t\t\t<\/div>\n\t\t\t\t\t\t<input id=\"abc-trigger\" type=\"hidden\" name=\"abc-trigger\" value=\"1\">\n\t\t\t\t\t\t<input id=\"abc-calendarId\" type=\"hidden\" name=\"abc-calendarId\" value=\"0\">\n\t\t\t\t\t\t<\/div>\n\t\t\t\t\t\t<div class=\"abc-widget-row\">\n\t\t\t\t\t\t\t<button type=\"submit\" class=\"abc-submit\" id=\"abc-widget-check-availabilities\">\n\t\t\t\t\t\t\t\t<span class=\"abc-submit-text\">Verf\u00fcgbarkeiten pr\u00fcfen<\/button>\n\t\t\t\t\t\t<\/div>\n\t\t\t\t\t<\/form>\n\t\t\t\t<\/div>\n\t\t\t<\/div><\/div><\/div>\t\t\t\t<\/div>\n\t\t\t\t<\/div>\n\t\t\t\t\t<\/div>\n\t\t<\/div>\n\t\t\t\t<div class=\"elementor-column elementor-col-50 elementor-top-column elementor-element elementor-element-0a29e1c\" data-id=\"0a29e1c\" data-element_type=\"column\" data-e-type=\"column\">\n\t\t\t<div class=\"elementor-widget-wrap elementor-element-populated\">\n\t\t\t\t\t\t<section class=\"elementor-section elementor-inner-section elementor-element elementor-element-704ee05 elementor-reverse-tablet elementor-reverse-mobile elementor-section-boxed elementor-section-height-default elementor-section-height-default\" data-id=\"704ee05\" data-element_type=\"section\" data-e-type=\"section\">\n\t\t\t\t\t\t<div class=\"elementor-container elementor-column-gap-default\">\n\t\t\t\t\t<div class=\"elementor-column elementor-col-50 elementor-inner-column elementor-element elementor-element-9692f56\" data-id=\"9692f56\" data-element_type=\"column\" data-e-type=\"column\">\n\t\t\t<div class=\"elementor-widget-wrap elementor-element-populated\">\n\t\t\t\t\t\t<div class=\"elementor-element elementor-element-f215ddb elementor-widget elementor-widget-heading\" data-id=\"f215ddb\" data-element_type=\"widget\" data-e-type=\"widget\" data-widget_type=\"heading.default\">\n\t\t\t\t<div class=\"elementor-widget-container\">\n\t\t\t\t\t<h2 class=\"elementor-heading-title elementor-size-default\">Moin, Moin!<\/h2>\t\t\t\t<\/div>\n\t\t\t\t<\/div>\n\t\t\t\t<div class=\"elementor-element elementor-element-190aa26 elementor-widget-divider--view-line elementor-widget elementor-widget-divider\" data-id=\"190aa26\" data-element_type=\"widget\" data-e-type=\"widget\" data-widget_type=\"divider.default\">\n\t\t\t\t<div class=\"elementor-widget-container\">\n\t\t\t\t\t\t\t<div class=\"elementor-divider\">\n\t\t\t<span class=\"elementor-divider-separator\">\n\t\t\t\t\t\t<\/span>\n\t\t<\/div>\n\t\t\t\t\t\t<\/div>\n\t\t\t\t<\/div>\n\t\t\t\t<div class=\"elementor-element elementor-element-f552e96 elementor-widget elementor-widget-text-editor\" data-id=\"f552e96\" data-element_type=\"widget\" data-e-type=\"widget\" data-widget_type=\"text-editor.default\">\n\t\t\t\t<div class=\"elementor-widget-container\">\n\t\t\t\t\t\t\t\t\t<p>Herzlich Willkommen in unserem Ferienhaus von L\u00f6wenstein direkt am familien-freundlichen Badesee im Feriengebiet Tannenhausen.<\/p>\t\t\t\t\t\t\t\t<\/div>\n\t\t\t\t<\/div>\n\t\t\t\t\t<\/div>\n\t\t<\/div>\n\t\t\t\t<div class=\"elementor-column elementor-col-50 elementor-inner-column elementor-element elementor-element-18b80df\" data-id=\"18b80df\" data-element_type=\"column\" data-e-type=\"column\">\n\t\t\t<div class=\"elementor-widget-wrap elementor-element-populated\">\n\t\t\t\t\t\t<div class=\"elementor-element elementor-element-a7632c7 elementor-widget elementor-widget-image\" data-id=\"a7632c7\" data-element_type=\"widget\" data-e-type=\"widget\" data-widget_type=\"image.default\">\n\t\t\t\t<div class=\"elementor-widget-container\">\n\t\t\t\t\t\t\t\t\t\t\t\t\t\t\t<img fetchpriority=\"high\" decoding=\"async\" width=\"1600\" height=\"1200\" src=\"https:\/\/ferienhaus-von-loewenstein.de\/wp-content\/uploads\/2022\/01\/badesee-5.jpg\" class=\"attachment-full size-full wp-image-691\" alt=\"\" srcset=\"https:\/\/ferienhaus-von-loewenstein.de\/wp-content\/uploads\/2022\/01\/badesee-5.jpg 1600w, https:\/\/ferienhaus-von-loewenstein.de\/wp-content\/uploads\/2022\/01\/badesee-5-300x225.jpg 300w, https:\/\/ferienhaus-von-loewenstein.de\/wp-content\/uploads\/2022\/01\/badesee-5-1024x768.jpg 1024w, https:\/\/ferienhaus-von-loewenstein.de\/wp-content\/uploads\/2022\/01\/badesee-5-768x576.jpg 768w, https:\/\/ferienhaus-von-loewenstein.de\/wp-content\/uploads\/2022\/01\/badesee-5-1536x1152.jpg 1536w\" sizes=\"(max-width: 1600px) 100vw, 1600px\" \/>\t\t\t\t\t\t\t\t\t\t\t\t\t\t\t<\/div>\n\t\t\t\t<\/div>\n\t\t\t\t\t<\/div>\n\t\t<\/div>\n\t\t\t\t\t<\/div>\n\t\t<\/section>\n\t\t\t\t\t<\/div>\n\t\t<\/div>\n\t\t\t\t\t<\/div>\n\t\t<\/section>\n\t\t\t\t<section class=\"elementor-section elementor-top-section elementor-element elementor-element-fe2c2ec elementor-section-boxed elementor-section-height-default elementor-section-height-default\" data-id=\"fe2c2ec\" data-element_type=\"section\" data-e-type=\"section\" data-settings=\"{&quot;background_background&quot;:&quot;classic&quot;}\">\n\t\t\t\t\t\t<div class=\"elementor-container elementor-column-gap-no\">\n\t\t\t\t\t<div class=\"elementor-column elementor-col-50 elementor-top-column elementor-element elementor-element-99d67ff\" data-id=\"99d67ff\" data-element_type=\"column\" data-e-type=\"column\" data-settings=\"{&quot;background_background&quot;:&quot;classic&quot;}\">\n\t\t\t<div class=\"elementor-widget-wrap elementor-element-populated\">\n\t\t\t\t\t\t<div class=\"elementor-element elementor-element-f6e8c42 elementor-widget elementor-widget-heading\" data-id=\"f6e8c42\" data-element_type=\"widget\" data-e-type=\"widget\" data-widget_type=\"heading.default\">\n\t\t\t\t<div class=\"elementor-widget-container\">\n\t\t\t\t\t<h2 class=\"elementor-heading-title elementor-size-default\">ab 80 \u20ac pro Nacht<\/h2>\t\t\t\t<\/div>\n\t\t\t\t<\/div>\n\t\t\t\t\t<\/div>\n\t\t<\/div>\n\t\t\t\t<div class=\"elementor-column elementor-col-50 elementor-top-column elementor-element elementor-element-ae69b19\" data-id=\"ae69b19\" data-element_type=\"column\" data-e-type=\"column\" data-settings=\"{&quot;background_background&quot;:&quot;classic&quot;}\">\n\t\t\t<div class=\"elementor-widget-wrap elementor-element-populated\">\n\t\t\t\t\t\t<div class=\"elementor-element elementor-element-91dd1de elementor-hidden-tablet elementor-hidden-phone elementor-widget elementor-widget-spacer\" data-id=\"91dd1de\" data-element_type=\"widget\" data-e-type=\"widget\" data-widget_type=\"spacer.default\">\n\t\t\t\t<div class=\"elementor-widget-container\">\n\t\t\t\t\t\t\t<div class=\"elementor-spacer\">\n\t\t\t<div class=\"elementor-spacer-inner\"><\/div>\n\t\t<\/div>\n\t\t\t\t\t\t<\/div>\n\t\t\t\t<\/div>\n\t\t\t\t<div class=\"elementor-element elementor-element-abbc27f elementor-widget elementor-widget-heading\" data-id=\"abbc27f\" data-element_type=\"widget\" data-e-type=\"widget\" data-widget_type=\"heading.default\">\n\t\t\t\t<div class=\"elementor-widget-container\">\n\t\t\t\t\t<h3 class=\"elementor-heading-title elementor-size-default\">Unser gem\u00fctliches<\/h3>\t\t\t\t<\/div>\n\t\t\t\t<\/div>\n\t\t\t\t<div class=\"elementor-element elementor-element-7e405d0 elementor-widget elementor-widget-heading\" data-id=\"7e405d0\" data-element_type=\"widget\" data-e-type=\"widget\" data-widget_type=\"heading.default\">\n\t\t\t\t<div class=\"elementor-widget-container\">\n\t\t\t\t\t<h2 class=\"elementor-heading-title elementor-size-default\">Friesenhaus<\/h2>\t\t\t\t<\/div>\n\t\t\t\t<\/div>\n\t\t\t\t<div class=\"elementor-element elementor-element-0771e0c elementor-widget-divider--view-line elementor-widget elementor-widget-divider\" data-id=\"0771e0c\" data-element_type=\"widget\" data-e-type=\"widget\" data-widget_type=\"divider.default\">\n\t\t\t\t<div class=\"elementor-widget-container\">\n\t\t\t\t\t\t\t<div class=\"elementor-divider\">\n\t\t\t<span class=\"elementor-divider-separator\">\n\t\t\t\t\t\t<\/span>\n\t\t<\/div>\n\t\t\t\t\t\t<\/div>\n\t\t\t\t<\/div>\n\t\t\t\t<div class=\"elementor-element elementor-element-1e87b58 elementor-widget elementor-widget-text-editor\" data-id=\"1e87b58\" data-element_type=\"widget\" data-e-type=\"widget\" data-widget_type=\"text-editor.default\">\n\t\t\t\t<div class=\"elementor-widget-container\">\n\t\t\t\t\t\t\t\t\t<p>F\u00fcr den Erholungs-, Aktiv oder Familienurlaub bietet das Feriengebiet am Badesee in Tannenhausen alle M\u00f6glichkeiten.<\/p><p>Unabh\u00e4ngig davon wie sie ihren Urlaub gestalten, m\u00f6chten wir Ihnen mit unserem Ferienhaus den Mittelpunkt f\u00fcr \u00cdhren Aufenthalt bieten.<\/p>\t\t\t\t\t\t\t\t<\/div>\n\t\t\t\t<\/div>\n\t\t\t\t<div class=\"elementor-element elementor-element-3b8bec8 elementor-list-item-link-full_width elementor-widget elementor-widget-icon-list\" data-id=\"3b8bec8\" data-element_type=\"widget\" data-e-type=\"widget\" data-widget_type=\"icon-list.default\">\n\t\t\t\t<div class=\"elementor-widget-container\">\n\t\t\t\t\t\t\t<ul class=\"elementor-icon-list-items\">\n\t\t\t\t\t\t\t<li class=\"elementor-icon-list-item\">\n\t\t\t\t\t\t\t\t\t\t\t<span class=\"elementor-icon-list-icon\">\n\t\t\t\t\t\t\t<i aria-hidden=\"true\" class=\"far fa-check-square\"><\/i>\t\t\t\t\t\t<\/span>\n\t\t\t\t\t\t\t\t\t\t<span class=\"elementor-icon-list-text\">Flachbildschirm mit Sat-TV<\/span>\n\t\t\t\t\t\t\t\t\t<\/li>\n\t\t\t\t\t\t\t\t<li class=\"elementor-icon-list-item\">\n\t\t\t\t\t\t\t\t\t\t\t<span class=\"elementor-icon-list-icon\">\n\t\t\t\t\t\t\t<i aria-hidden=\"true\" class=\"far fa-check-square\"><\/i>\t\t\t\t\t\t<\/span>\n\t\t\t\t\t\t\t\t\t\t<span class=\"elementor-icon-list-text\">Mikrowelle, Toaster, Wasserkocher und Kaffeemaschine<\/span>\n\t\t\t\t\t\t\t\t\t<\/li>\n\t\t\t\t\t\t\t\t<li class=\"elementor-icon-list-item\">\n\t\t\t\t\t\t\t\t\t\t\t<span class=\"elementor-icon-list-icon\">\n\t\t\t\t\t\t\t<i aria-hidden=\"true\" class=\"far fa-check-square\"><\/i>\t\t\t\t\t\t<\/span>\n\t\t\t\t\t\t\t\t\t\t<span class=\"elementor-icon-list-text\">Waschmaschine<\/span>\n\t\t\t\t\t\t\t\t\t<\/li>\n\t\t\t\t\t\t\t\t<li class=\"elementor-icon-list-item\">\n\t\t\t\t\t\t\t\t\t\t\t<span class=\"elementor-icon-list-icon\">\n\t\t\t\t\t\t\t<i aria-hidden=\"true\" class=\"far fa-check-square\"><\/i>\t\t\t\t\t\t<\/span>\n\t\t\t\t\t\t\t\t\t\t<span class=\"elementor-icon-list-text\">kostenloses Kinderbett &amp; Kinderstuhl<\/span>\n\t\t\t\t\t\t\t\t\t<\/li>\n\t\t\t\t\t\t\t\t<li class=\"elementor-icon-list-item\">\n\t\t\t\t\t\t\t\t\t\t\t<span class=\"elementor-icon-list-icon\">\n\t\t\t\t\t\t\t<i aria-hidden=\"true\" class=\"fas fa-check\"><\/i>\t\t\t\t\t\t<\/span>\n\t\t\t\t\t\t\t\t\t\t<span class=\"elementor-icon-list-text\">Geschiersp\u00fcler<\/span>\n\t\t\t\t\t\t\t\t\t<\/li>\n\t\t\t\t\t\t<\/ul>\n\t\t\t\t\t\t<\/div>\n\t\t\t\t<\/div>\n\t\t\t\t<div class=\"elementor-element elementor-element-6adbd39 elementor-align-left elementor-widget elementor-widget-button\" data-id=\"6adbd39\" data-element_type=\"widget\" data-e-type=\"widget\" data-widget_type=\"button.default\">\n\t\t\t\t<div class=\"elementor-widget-container\">\n\t\t\t\t\t\t\t\t\t<div class=\"elementor-button-wrapper\">\n\t\t\t\t\t<a class=\"elementor-button elementor-button-link elementor-size-sm\" href=\"?page_id=137\">\n\t\t\t\t\t\t<span class=\"elementor-button-content-wrapper\">\n\t\t\t\t\t\t\t\t\t<span class=\"elementor-button-text\">Buchen Sie jetzt!<\/span>\n\t\t\t\t\t<\/span>\n\t\t\t\t\t<\/a>\n\t\t\t\t<\/div>\n\t\t\t\t\t\t\t\t<\/div>\n\t\t\t\t<\/div>\n\t\t\t\t\t<\/div>\n\t\t<\/div>\n\t\t\t\t\t<\/div>\n\t\t<\/section>\n\t\t\t\t<section class=\"elementor-section elementor-top-section elementor-element elementor-element-54a5167 elementor-section-boxed elementor-section-height-default elementor-section-height-default\" data-id=\"54a5167\" data-element_type=\"section\" data-e-type=\"section\">\n\t\t\t\t\t\t<div class=\"elementor-container elementor-column-gap-default\">\n\t\t\t\t\t<div class=\"elementor-column elementor-col-100 elementor-top-column elementor-element elementor-element-7ea1fe2\" data-id=\"7ea1fe2\" data-element_type=\"column\" data-e-type=\"column\">\n\t\t\t<div class=\"elementor-widget-wrap elementor-element-populated\">\n\t\t\t\t\t\t<div class=\"elementor-element elementor-element-df93b5e elementor-widget elementor-widget-heading\" data-id=\"df93b5e\" data-element_type=\"widget\" data-e-type=\"widget\" data-widget_type=\"heading.default\">\n\t\t\t\t<div class=\"elementor-widget-container\">\n\t\t\t\t\t<h2 class=\"elementor-heading-title elementor-size-default\">Unsere neuesten Nachrichten &amp; Veranstaltungen<\/h2>\t\t\t\t<\/div>\n\t\t\t\t<\/div>\n\t\t\t\t<div class=\"elementor-element elementor-element-424db7c elementor-widget-divider--view-line elementor-widget elementor-widget-divider\" data-id=\"424db7c\" data-element_type=\"widget\" data-e-type=\"widget\" data-widget_type=\"divider.default\">\n\t\t\t\t<div class=\"elementor-widget-container\">\n\t\t\t\t\t\t\t<div class=\"elementor-divider\">\n\t\t\t<span class=\"elementor-divider-separator\">\n\t\t\t\t\t\t<\/span>\n\t\t<\/div>\n\t\t\t\t\t\t<\/div>\n\t\t\t\t<\/div>\n\t\t\t\t\t<\/div>\n\t\t<\/div>\n\t\t\t\t\t<\/div>\n\t\t<\/section>\n\t\t\t\t<section class=\"elementor-section elementor-top-section elementor-element elementor-element-09df155 elementor-section-boxed elementor-section-height-default elementor-section-height-default\" data-id=\"09df155\" data-element_type=\"section\" data-e-type=\"section\">\n\t\t\t\t\t\t<div class=\"elementor-container elementor-column-gap-default\">\n\t\t\t\t\t<div class=\"elementor-column elementor-col-100 elementor-top-column elementor-element elementor-element-7c5ddaa\" data-id=\"7c5ddaa\" data-element_type=\"column\" data-e-type=\"column\">\n\t\t\t<div class=\"elementor-widget-wrap elementor-element-populated\">\n\t\t\t\t\t\t<div class=\"elementor-element elementor-element-49b2fa3 elementor-grid-3 elementor-grid-tablet-2 elementor-grid-mobile-1 elementor-widget elementor-widget-holiday-cottage-posts-grid\" data-id=\"49b2fa3\" data-element_type=\"widget\" data-e-type=\"widget\" data-settings=\"{&quot;columns&quot;:&quot;3&quot;,&quot;columns_tablet&quot;:&quot;2&quot;,&quot;columns_mobile&quot;:&quot;1&quot;}\" data-widget_type=\"holiday-cottage-posts-grid.default\">\n\t\t\t\t<div class=\"elementor-widget-container\">\n\t\t\t\t\t\t\t<div class=\"lumber-grid\">\n\t\t\t\t\t\t<div class=\"lumber-grid-container elementor-grid lumber-grid-desktop-3 lumber-grid-tablet-2 lumber-grid-mobile-1\">\n\t\t\t\t\n\t\t\t\t\n\t\t\t\t\t\t\t\t\t\t<article id=\"post-780\" class=\"lumber-post post-780 post type-post status-publish format-standard has-post-thumbnail hentry category-nordsee\">\n\n\t\t\t\t\t\t\t<div class=\"post-grid-inner\">\n\n\t\t\t\t\t\t\t\t\t\t\t\t\t\t\t\t\t<a href=\"https:\/\/ferienhaus-von-loewenstein.de\/?p=780\">\n\t\t\t\t\t\t\t\t\t\t\t\t\t\t\t\t\t\t\t\t\t<img decoding=\"async\" width=\"790\" height=\"526\" src=\"https:\/\/ferienhaus-von-loewenstein.de\/wp-content\/uploads\/2022\/02\/nordsee-4.jpg\" class=\"attachment-large size-large wp-post-image\" alt=\"\" srcset=\"https:\/\/ferienhaus-von-loewenstein.de\/wp-content\/uploads\/2022\/02\/nordsee-4.jpg 1024w, https:\/\/ferienhaus-von-loewenstein.de\/wp-content\/uploads\/2022\/02\/nordsee-4-300x200.jpg 300w, https:\/\/ferienhaus-von-loewenstein.de\/wp-content\/uploads\/2022\/02\/nordsee-4-768x512.jpg 768w, https:\/\/ferienhaus-von-loewenstein.de\/wp-content\/uploads\/2022\/02\/nordsee-4-272x182.jpg 272w\" sizes=\"(max-width: 790px) 100vw, 790px\" \/>\t\t\t\t\t\t\t\t\t\t\t\t\t\t\t\t\t\t\t<\/a>\n\t\t\t\t\t\t\t\t\n\t\t\t\t\t\t\t\t<div class=\"post-grid-text-wrap\">\n\t\t\t\t\t\t\t\t\t\t\t\t\t\t\t\t\t\t\t\t\t\t\t\t\t\t\t\t\t\t\t\t\t\t\t\t\t\t\t\t<span class=\"post-cat\"><a href=\"https:\/\/ferienhaus-von-loewenstein.de\/?cat=12\">Nordsee<\/a><\/span>\n\t\t\t\t\t\t\t\t\t\t\t\t\t\t\t\t\t\t\t\n\t\t\t\t\t\t\t\t\t<h3><a href=\"https:\/\/ferienhaus-von-loewenstein.de\/?p=780\">Nordsee, Watt und Meer<\/a><\/h3>\n\n\t\t\t\t\t\t\t\t\t\n\t\t\t\t\t\t\t\t\t\t\t\t\t\t\t\t\t\t\t<div class=\"post-excerpt\">\n\t\t\t\t\t\t\t\t\t\t\t<p>In gerade Mal 30 Minuten erreichen sie die wundersch\u00f6ne Nordsee, ideal f\u00fcr einen Tagesausflug. In den idyllischen K\u00fcstend\u00f6rfer Dornumersiel, Greetsiel,&hellip;<\/p>\n\t\t\t\t\t\t\t\t\t\t<\/div><!-- .post-excerpt -->\n\t\t\t\t\t\t\t\t\t\n\t\t\t\t\t\t\t\t<\/div><!-- .post-grid-text-wrap -->\n\n\t\t\t\t\t\t\t\t\n\t\t\t\t\t\t\t<\/div><!-- .post-grid-inner -->\n\n\t\t\t\t\t\t<\/article>\n\n\t\t\t\t\t\t\t\t\t\t\t\t<article id=\"post-125\" class=\"lumber-post post-125 post type-post status-publish format-standard has-post-thumbnail hentry category-badesee\">\n\n\t\t\t\t\t\t\t<div class=\"post-grid-inner\">\n\n\t\t\t\t\t\t\t\t\t\t\t\t\t\t\t\t\t<a href=\"https:\/\/ferienhaus-von-loewenstein.de\/?p=125\">\n\t\t\t\t\t\t\t\t\t\t\t\t\t\t\t\t\t\t\t\t\t<img decoding=\"async\" width=\"790\" height=\"593\" src=\"https:\/\/ferienhaus-von-loewenstein.de\/wp-content\/uploads\/2020\/02\/north-bound-1.jpg\" class=\"attachment-large size-large wp-post-image\" alt=\"\" srcset=\"https:\/\/ferienhaus-von-loewenstein.de\/wp-content\/uploads\/2020\/02\/north-bound-1.jpg 1024w, https:\/\/ferienhaus-von-loewenstein.de\/wp-content\/uploads\/2020\/02\/north-bound-1-300x225.jpg 300w, https:\/\/ferienhaus-von-loewenstein.de\/wp-content\/uploads\/2020\/02\/north-bound-1-768x576.jpg 768w\" sizes=\"(max-width: 790px) 100vw, 790px\" \/>\t\t\t\t\t\t\t\t\t\t\t\t\t\t\t\t\t\t\t<\/a>\n\t\t\t\t\t\t\t\t\n\t\t\t\t\t\t\t\t<div class=\"post-grid-text-wrap\">\n\t\t\t\t\t\t\t\t\t\t\t\t\t\t\t\t\t\t\t\t\t\t\t\t\t\t\t\t\t\t\t\t\t\t\t\t\t\t\t\t<span class=\"post-cat\"><a href=\"https:\/\/ferienhaus-von-loewenstein.de\/?cat=8\">Badesee<\/a><\/span>\n\t\t\t\t\t\t\t\t\t\t\t\t\t\t\t\t\t\t\t\n\t\t\t\t\t\t\t\t\t<h3><a href=\"https:\/\/ferienhaus-von-loewenstein.de\/?p=125\">Wasserspa\u00df f\u00fcr die ganze Familie<\/a><\/h3>\n\n\t\t\t\t\t\t\t\t\t\n\t\t\t\t\t\t\t\t\t\t\t\t\t\t\t\t\t\t\t<div class=\"post-excerpt\">\n\t\t\t\t\t\t\t\t\t\t\t<p>Die Wasserski- und Wakeboardanlage \"NORTH BOUND Aurich Beach &amp; Wake\" ist die modernste Anlage ihrer Art in der Region.F\u00fcr jede&hellip;<\/p>\n\t\t\t\t\t\t\t\t\t\t<\/div><!-- .post-excerpt -->\n\t\t\t\t\t\t\t\t\t\n\t\t\t\t\t\t\t\t<\/div><!-- .post-grid-text-wrap -->\n\n\t\t\t\t\t\t\t\t\n\t\t\t\t\t\t\t<\/div><!-- .post-grid-inner -->\n\n\t\t\t\t\t\t<\/article>\n\n\t\t\t\t\t\t\t\t\t\t\t\t<article id=\"post-401\" class=\"lumber-post post-401 post type-post status-publish format-standard has-post-thumbnail hentry category-natur\">\n\n\t\t\t\t\t\t\t<div class=\"post-grid-inner\">\n\n\t\t\t\t\t\t\t\t\t\t\t\t\t\t\t\t\t<a href=\"https:\/\/ferienhaus-von-loewenstein.de\/?p=401\">\n\t\t\t\t\t\t\t\t\t\t\t\t\t\t\t\t\t\t\t\t\t<img loading=\"lazy\" decoding=\"async\" width=\"790\" height=\"593\" src=\"https:\/\/ferienhaus-von-loewenstein.de\/wp-content\/uploads\/2020\/01\/natur-1.jpg\" class=\"attachment-large size-large wp-post-image\" alt=\"\" srcset=\"https:\/\/ferienhaus-von-loewenstein.de\/wp-content\/uploads\/2020\/01\/natur-1.jpg 1024w, https:\/\/ferienhaus-von-loewenstein.de\/wp-content\/uploads\/2020\/01\/natur-1-300x225.jpg 300w, https:\/\/ferienhaus-von-loewenstein.de\/wp-content\/uploads\/2020\/01\/natur-1-768x576.jpg 768w\" sizes=\"(max-width: 790px) 100vw, 790px\" \/>\t\t\t\t\t\t\t\t\t\t\t\t\t\t\t\t\t\t\t<\/a>\n\t\t\t\t\t\t\t\t\n\t\t\t\t\t\t\t\t<div class=\"post-grid-text-wrap\">\n\t\t\t\t\t\t\t\t\t\t\t\t\t\t\t\t\t\t\t\t\t\t\t\t\t\t\t\t\t\t\t\t\t\t\t\t\t\t\t\t<span class=\"post-cat\"><a href=\"https:\/\/ferienhaus-von-loewenstein.de\/?cat=10\">Natur<\/a><\/span>\n\t\t\t\t\t\t\t\t\t\t\t\t\t\t\t\t\t\t\t\n\t\t\t\t\t\t\t\t\t<h3><a href=\"https:\/\/ferienhaus-von-loewenstein.de\/?p=401\">Unterwegs in der Natur<\/a><\/h3>\n\n\t\t\t\t\t\t\t\t\t\n\t\t\t\t\t\t\t\t\t\t\t\t\t\t\t\t\t\t\t<div class=\"post-excerpt\">\n\t\t\t\t\t\t\t\t\t\t\t<p>Alles Gl\u00fcck dieser Erde liegt auf dem R\u00fccken der PferdeArabisches Sprichwort Ein Reiterhof liegt in unmittelbarer N\u00e4he. F\u00fcr Kinder ab&hellip;<\/p>\n\t\t\t\t\t\t\t\t\t\t<\/div><!-- .post-excerpt -->\n\t\t\t\t\t\t\t\t\t\n\t\t\t\t\t\t\t\t<\/div><!-- .post-grid-text-wrap -->\n\n\t\t\t\t\t\t\t\t\n\t\t\t\t\t\t\t<\/div><!-- .post-grid-inner -->\n\n\t\t\t\t\t\t<\/article>\n\n\t\t\t\t\t\t\t\t\t<\/div><!-- .lumber-grid-container -->\n\t\t<\/div><!-- .lumber-grid -->\n\t\t\t\t\t\t<\/div>\n\t\t\t\t<\/div>\n\t\t\t\t\t<\/div>\n\t\t<\/div>\n\t\t\t\t\t<\/div>\n\t\t<\/section>\n\t\t\t\t<\/div>\n\t\t","protected":false},"excerpt":{"rendered":"<p>F\u00fchlen Sie sich wie Zuhause! Entspannen und Genie\u00dfen Sie ihren Urlaub Buchen Sie ihren Aufenthalt Moin, Moin! Herzlich Willkommen in unserem Ferienhaus von L\u00f6wenstein direkt am familien-freundlichen Badesee im Feriengebiet Tannenhausen. ab 80 \u20ac pro Nacht Unser gem\u00fctliches Friesenhaus F\u00fcr <a href=\"https:\/\/ferienhaus-von-loewenstein.de\/?p=401\" class=\"more-link\">Weiterlesen<\/a><\/p>\n","protected":false},"author":1,"featured_media":0,"parent":0,"menu_order":0,"comment_status":"closed","ping_status":"closed","template":"elementor_header_footer","meta":{"footnotes":""},"class_list":["post-11","page","type-page","status-publish","hentry"],"_links":{"self":[{"href":"https:\/\/ferienhaus-von-loewenstein.de\/index.php?rest_route=\/wp\/v2\/pages\/11","targetHints":{"allow":["GET"]}}],"collection":[{"href":"https:\/\/ferienhaus-von-loewenstein.de\/index.php?rest_route=\/wp\/v2\/pages"}],"about":[{"href":"https:\/\/ferienhaus-von-loewenstein.de\/index.php?rest_route=\/wp\/v2\/types\/page"}],"author":[{"embeddable":true,"href":"https:\/\/ferienhaus-von-loewenstein.de\/index.php?rest_route=\/wp\/v2\/users\/1"}],"replies":[{"embeddable":true,"href":"https:\/\/ferienhaus-von-loewenstein.de\/index.php?rest_route=%2Fwp%2Fv2%2Fcomments&post=11"}],"version-history":[{"count":100,"href":"https:\/\/ferienhaus-von-loewenstein.de\/index.php?rest_route=\/wp\/v2\/pages\/11\/revisions"}],"predecessor-version":[{"id":1028,"href":"https:\/\/ferienhaus-von-loewenstein.de\/index.php?rest_route=\/wp\/v2\/pages\/11\/revisions\/1028"}],"wp:attachment":[{"href":"https:\/\/ferienhaus-von-loewenstein.de\/index.php?rest_route=%2Fwp%2Fv2%2Fmedia&parent=11"}],"curies":[{"name":"wp","href":"https:\/\/api.w.org\/{rel}","templated":true}]}}